{"id":4217,"date":"2022-06-30T12:23:08","date_gmt":"2022-06-30T12:23:08","guid":{"rendered":"http:\/\/spelhallen.nu\/ota-yhteytta\/"},"modified":"2024-02-26T13:43:54","modified_gmt":"2024-02-26T13:43:54","slug":"ota-yhteytta","status":"publish","type":"page","link":"https:\/\/spelhallen.nu\/fi\/ota-yhteytta\/","title":{"rendered":"Ota yhteytt\u00e4"},"content":{"rendered":"\t\t<div data-elementor-type=\"wp-page\" data-elementor-id=\"4217\" class=\"elementor elementor-4217 elementor-1628\" data-elementor-post-type=\"page\">\n\t\t\t\t<div class=\"elementor-element elementor-element-db3915a e-con-full e-flex e-con e-parent\" data-id=\"db3915a\" data-element_type=\"container\" data-settings=\"{&quot;background_background&quot;:&quot;classic&quot;}\">\n\t\t\t\t<div class=\"elementor-element elementor-element-f287961 elementor-widget elementor-widget-heading\" data-id=\"f287961\" data-element_type=\"widget\" data-widget_type=\"heading.default\">\n\t\t\t\t<div class=\"elementor-widget-container\">\n\t\t\t<style>\/*! elementor - v3.22.0 - 26-06-2024 *\/\n.elementor-heading-title{padding:0;margin:0;line-height:1}.elementor-widget-heading .elementor-heading-title[class*=elementor-size-]>a{color:inherit;font-size:inherit;line-height:inherit}.elementor-widget-heading .elementor-heading-title.elementor-size-small{font-size:15px}.elementor-widget-heading .elementor-heading-title.elementor-size-medium{font-size:19px}.elementor-widget-heading .elementor-heading-title.elementor-size-large{font-size:29px}.elementor-widget-heading .elementor-heading-title.elementor-size-xl{font-size:39px}.elementor-widget-heading .elementor-heading-title.elementor-size-xxl{font-size:59px}<\/style><h2 class=\"elementor-heading-title elementor-size-default\">Ota yhteytt\u00e4\n\n<\/h2>\t\t<\/div>\n\t\t\t\t<\/div>\n\t\t\t\t<div class=\"elementor-element elementor-element-7ab7fc9 elementor-widget__width-initial elementor-widget-tablet__width-inherit elementor-widget elementor-widget-text-editor\" data-id=\"7ab7fc9\" data-element_type=\"widget\" data-widget_type=\"text-editor.default\">\n\t\t\t\t<div class=\"elementor-widget-container\">\n\t\t\t<style>\/*! elementor - v3.22.0 - 26-06-2024 *\/\n.elementor-widget-text-editor.elementor-drop-cap-view-stacked .elementor-drop-cap{background-color:#69727d;color:#fff}.elementor-widget-text-editor.elementor-drop-cap-view-framed .elementor-drop-cap{color:#69727d;border:3px solid;background-color:transparent}.elementor-widget-text-editor:not(.elementor-drop-cap-view-default) .elementor-drop-cap{margin-top:8px}.elementor-widget-text-editor:not(.elementor-drop-cap-view-default) .elementor-drop-cap-letter{width:1em;height:1em}.elementor-widget-text-editor .elementor-drop-cap{float:left;text-align:center;line-height:1;font-size:50px}.elementor-widget-text-editor .elementor-drop-cap-letter{display:inline-block}<\/style>\t\t\t\t<p>Onko sinulla kysymyksi\u00e4, kommentteja tai tarvitsetko apua? Me spelhallen.nu:ssa olemme t\u00e4\u00e4ll\u00e4 auttamassa sinua. Mielipiteesi on meille arvokas, ja pyrimme aina parantamaan kokemustasi alustallamme.<\/p>\n\t\t\t\t\t\t<\/div>\n\t\t\t\t<\/div>\n\t\t\t\t<\/div>\n\t\t<div class=\"elementor-element elementor-element-302a2bf e-flex e-con-boxed e-con e-parent\" data-id=\"302a2bf\" data-element_type=\"container\">\n\t\t\t\t\t<div class=\"e-con-inner\">\n\t\t\t\t<div class=\"elementor-element elementor-element-223f7e3 elementor-widget elementor-widget-text-editor\" data-id=\"223f7e3\" data-element_type=\"widget\" data-widget_type=\"text-editor.default\">\n\t\t\t\t<div class=\"elementor-widget-container\">\n\t\t\t\t\t\t\t<p><strong>Ota helposti yhteytt\u00e4<\/strong> Ota meihin yhteytt\u00e4 nopeasti ja helposti k\u00e4ytt\u00e4j\u00e4yst\u00e4v\u00e4llisen yhteydenottolomakkeemme avulla. Olipa kyse sitten tili\u00e4si koskevista kysymyksist\u00e4, palautteesta palvelustamme tai parannusehdotuksista, varmistamme, ett\u00e4 \u00e4\u00e4nesi tulee kuulluksi.<\/p>\n<p><strong>Asiakaspalvelu<\/strong> Pyrimme vastaamaan kaikkiin tiedusteluihin 24 tunnin kuluessa. Asiakaspalvelumme on avoinna klo 08:00-22:00 seitsem\u00e4n\u00e4 p\u00e4iv\u00e4n\u00e4 viikossa.<\/p>\n<p><strong>Seuraa meit\u00e4<\/strong> Uusimmat p\u00e4ivitykset ja uutiset saat seuraamalla meit\u00e4 sosiaalisen median kanavissamme. Jaamme jatkuvasti j\u00e4nnitt\u00e4v\u00e4\u00e4 sis\u00e4lt\u00f6\u00e4 ja uutisia pelimaailmasta.<\/p>\n<p>Palautteesi auttaa meit\u00e4 parantamaan toimintaamme, ja toivotamme kaikki kommentit tervetulleiksi, jotta voimme tarjota parasta mahdollista palvelua. Anna meid\u00e4n kuulla sinusta &#8211; sill\u00e4 spelhallen.nu:ssa sin\u00e4 olet t\u00e4htipelaaja.<\/p>\n\t\t\t\t\t\t<\/div>\n\t\t\t\t<\/div>\n\t\t\t\t<div class=\"elementor-element elementor-element-705b7df elementor-widget elementor-widget-wpforms\" data-id=\"705b7df\" data-element_type=\"widget\" data-widget_type=\"wpforms.default\">\n\t\t\t\t<div class=\"elementor-widget-container\">\n\t\t\t<style id=\"wpforms-css-vars-root\">\n\t\t\t\t:root {\n\t\t\t\t\t--wpforms-field-border-radius: 3px;\n--wpforms-field-border-style: solid;\n--wpforms-field-border-size: 1px;\n--wpforms-field-background-color: #ffffff;\n--wpforms-field-border-color: rgba( 0, 0, 0, 0.25 );\n--wpforms-field-border-color-spare: rgba( 0, 0, 0, 0.25 );\n--wpforms-field-text-color: rgba( 0, 0, 0, 0.7 );\n--wpforms-field-menu-color: #ffffff;\n--wpforms-label-color: rgba( 0, 0, 0, 0.85 );\n--wpforms-label-sublabel-color: rgba( 0, 0, 0, 0.55 );\n--wpforms-label-error-color: #d63637;\n--wpforms-button-border-radius: 3px;\n--wpforms-button-border-style: none;\n--wpforms-button-border-size: 1px;\n--wpforms-button-background-color: #066aab;\n--wpforms-button-border-color: #066aab;\n--wpforms-button-text-color: #ffffff;\n--wpforms-page-break-color: #066aab;\n--wpforms-background-image: none;\n--wpforms-background-position: center center;\n--wpforms-background-repeat: no-repeat;\n--wpforms-background-size: cover;\n--wpforms-background-width: 100px;\n--wpforms-background-height: 100px;\n--wpforms-background-color: rgba( 0, 0, 0, 0 );\n--wpforms-background-url: none;\n--wpforms-container-padding: 0px;\n--wpforms-container-border-style: none;\n--wpforms-container-border-width: 1px;\n--wpforms-container-border-color: #000000;\n--wpforms-container-border-radius: 3px;\n--wpforms-field-size-input-height: 43px;\n--wpforms-field-size-input-spacing: 15px;\n--wpforms-field-size-font-size: 16px;\n--wpforms-field-size-line-height: 19px;\n--wpforms-field-size-padding-h: 14px;\n--wpforms-field-size-checkbox-size: 16px;\n--wpforms-field-size-sublabel-spacing: 5px;\n--wpforms-field-size-icon-size: 1;\n--wpforms-label-size-font-size: 16px;\n--wpforms-label-size-line-height: 19px;\n--wpforms-label-size-sublabel-font-size: 14px;\n--wpforms-label-size-sublabel-line-height: 17px;\n--wpforms-button-size-font-size: 17px;\n--wpforms-button-size-height: 41px;\n--wpforms-button-size-padding-h: 15px;\n--wpforms-button-size-margin-top: 10px;\n--wpforms-container-shadow-size-box-shadow: none;\n\n\t\t\t\t}\n\t\t\t<\/style><div class=\"wpforms-container wpforms-render-modern\" id=\"wpforms-2856\"><form id=\"wpforms-form-2856\" class=\"wpforms-validate wpforms-form wpforms-ajax-form\" data-formid=\"2856\" method=\"post\" enctype=\"multipart\/form-data\" action=\"\/fi\/wp-json\/wp\/v2\/pages\/4217\" data-token=\"3a944a363cb1af33e1b8fe054e6496b2\" data-token-time=\"1778106208\"><noscript class=\"wpforms-error-noscript\">Please enable JavaScript in your browser to complete this form.<\/noscript><div class=\"wpforms-hidden\" id=\"wpforms-error-noscript\">Please enable JavaScript in your browser to complete this form.<\/div><div class=\"wpforms-field-container\"><div id=\"wpforms-2856-field_0-container\" class=\"wpforms-field wpforms-field-name\" data-field-id=\"0\"><label class=\"wpforms-field-label\" for=\"wpforms-2856-field_0\">Name <span class=\"wpforms-required-label\" aria-hidden=\"true\">*<\/span><\/label><input type=\"text\" id=\"wpforms-2856-field_0\" class=\"wpforms-field-medium wpforms-field-required\" name=\"wpforms[fields][0]\" aria-errormessage=\"wpforms-2856-field_0-error\" required><\/div><div id=\"wpforms-2856-field_8-container\" class=\"wpforms-field wpforms-field-checkbox\" data-field-id=\"8\"><fieldset><legend class=\"wpforms-field-label\">Why are you contacting us?<\/legend><ul id=\"wpforms-2856-field_8\"><li class=\"choice-1 depth-1\"><input type=\"checkbox\" id=\"wpforms-2856-field_8_1\" name=\"wpforms[fields][8][]\" value=\"Advertising\" aria-errormessage=\"wpforms-2856-field_8_1-error\"  ><label class=\"wpforms-field-label-inline\" for=\"wpforms-2856-field_8_1\">Advertising<\/label><\/li><li class=\"choice-2 depth-1\"><input type=\"checkbox\" id=\"wpforms-2856-field_8_2\" name=\"wpforms[fields][8][]\" value=\"Tips\" aria-errormessage=\"wpforms-2856-field_8_2-error\"  ><label class=\"wpforms-field-label-inline\" for=\"wpforms-2856-field_8_2\">Tips<\/label><\/li><li class=\"choice-3 depth-1\"><input type=\"checkbox\" id=\"wpforms-2856-field_8_3\" name=\"wpforms[fields][8][]\" value=\"Other\" aria-errormessage=\"wpforms-2856-field_8_3-error\"  ><label class=\"wpforms-field-label-inline\" for=\"wpforms-2856-field_8_3\">Other<\/label><\/li><\/ul><\/fieldset><\/div><div id=\"wpforms-2856-field_7-container\" class=\"wpforms-field wpforms-field-text\" data-field-id=\"7\"><label class=\"wpforms-field-label\" for=\"wpforms-2856-field_7\">Your company name<\/label><input type=\"text\" id=\"wpforms-2856-field_7\" class=\"wpforms-field-medium\" name=\"wpforms[fields][7]\" aria-errormessage=\"wpforms-2856-field_7-error\" ><\/div><div id=\"wpforms-2856-field_6-container\" class=\"wpforms-field wpforms-field-email\" data-field-id=\"6\"><label class=\"wpforms-field-label\" for=\"wpforms-2856-field_6\">Email  <span class=\"wpforms-required-label\" aria-hidden=\"true\">*<\/span><\/label><input type=\"email\" id=\"wpforms-2856-field_6\" class=\"wpforms-field-medium wpforms-field-required\" name=\"wpforms[fields][6]\" spellcheck=\"false\" aria-errormessage=\"wpforms-2856-field_6-error\" required><\/div><div id=\"wpforms-2856-field_2-container\" class=\"wpforms-field wpforms-field-textarea\" data-field-id=\"2\"><label class=\"wpforms-field-label\" for=\"wpforms-2856-field_2\">Your message <span class=\"wpforms-required-label\" aria-hidden=\"true\">*<\/span><\/label><textarea id=\"wpforms-2856-field_2\" class=\"wpforms-field-medium wpforms-field-required\" name=\"wpforms[fields][2]\" aria-errormessage=\"wpforms-2856-field_2-error\" required><\/textarea><\/div><\/div><!-- .wpforms-field-container --><div class=\"wpforms-recaptcha-container wpforms-is-hcaptcha\" ><div class=\"g-recaptcha\" data-sitekey=\"34fbaa3f-2deb-4ed1-8fba-3f7e900742ec\"><\/div><input type=\"text\" name=\"g-recaptcha-hidden\" class=\"wpforms-recaptcha-hidden\" style=\"position:absolute!important;clip:rect(0,0,0,0)!important;height:1px!important;width:1px!important;border:0!important;overflow:hidden!important;padding:0!important;margin:0!important;\" data-rule-hcaptcha=\"1\"><\/div><div class=\"wpforms-submit-container\" ><input type=\"hidden\" name=\"wpforms[id]\" value=\"2856\"><input type=\"hidden\" name=\"page_title\" value=\"\"><input type=\"hidden\" name=\"page_url\" value=\"https:\/\/spelhallen.nu\/fi\/wp-json\/wp\/v2\/pages\/4217\"><button type=\"submit\" name=\"wpforms[submit]\" id=\"wpforms-submit-2856\" class=\"wpforms-submit\" data-alt-text=\"Sending...\" data-submit-text=\"Send\" aria-live=\"assertive\" value=\"wpforms-submit\">Send<\/button><img decoding=\"async\" src=\"https:\/\/spelhallen.nu\/wp-content\/plugins\/wpforms-lite\/assets\/images\/submit-spin.svg\" class=\"wpforms-submit-spinner\" style=\"display: none;\" width=\"26\" height=\"26\" alt=\"Loading\"><\/div><\/form><\/div>  <!-- .wpforms-container -->\t\t<\/div>\n\t\t\t\t<\/div>\n\t\t\t\t\t<\/div>\n\t\t\t\t<\/div>\n\t\t\t\t<\/div>\n\t\t","protected":false},"excerpt":{"rendered":"<p>Ota yhteytt\u00e4 Onko sinulla kysymyksi\u00e4, kommentteja tai tarvitsetko apua? Me spelhallen.nu:ssa olemme t\u00e4\u00e4ll\u00e4 auttamassa sinua. Mielipiteesi on meille arvokas, ja pyrimme aina parantamaan kokemustasi alustallamme. Ota helposti yhteytt\u00e4 Ota meihin yhteytt\u00e4 nopeasti ja helposti k\u00e4ytt\u00e4j\u00e4yst\u00e4v\u00e4llisen yhteydenottolomakkeemme avulla. Olipa kyse sitten tili\u00e4si koskevista kysymyksist\u00e4, palautteesta palvelustamme tai parannusehdotuksista, varmistamme, ett\u00e4 \u00e4\u00e4nesi tulee kuulluksi. Asiakaspalvelu Pyrimme vastaamaan [&hellip;]<\/p>\n","protected":false},"author":1,"featured_media":3634,"parent":0,"menu_order":0,"comment_status":"closed","ping_status":"closed","template":"","meta":{"footnotes":""},"class_list":["post-4217","page","type-page","status-publish","has-post-thumbnail","hentry"],"blocksy_meta":{"page_title_panel":"","has_hero_section":"disabled","1348bd85855b81dcd881952387fbfff3":"","hero_section":"type-1","hero_elements":[{"id":"custom_title","enabled":true,"heading_tag":"h1","title":"Home"},{"id":"custom_description","enabled":true,"description_visibility":{"desktop":true,"tablet":true,"mobile":false}},{"id":"custom_meta","enabled":false,"meta_elements":[{"id":"author","enabled":true,"label":"By","has_author_avatar":"yes","avatar_size":25},{"id":"post_date","enabled":true,"label":"On","date_format_source":"default","date_format":"M j, Y"},{"id":"updated_date","enabled":false,"label":"On","date_format_source":"default","date_format":"M j, Y"},{"id":"categories","enabled":false,"label":"In","style":"simple"},{"id":"comments","enabled":true}],"page_meta_elements":{"joined":true,"articles_count":true,"comments":true}},{"id":"breadcrumbs","enabled":false}],"a805f161490feab5a970285b6d8a3703":"","hero_alignment1":"CT_CSS_SKIP_RULE","hero_margin":40,"hero_alignment2":"center","hero_vertical_alignment":"center","8d2071de06d31a653841caeb8284e42a":"","hero_structure":"narrow","a896476aea69221c18d141df2521eff7":"","page_title_bg_type":"featured_image","custom_hero_background":{"attachment_id":null},"page_title_image_size":"full","parallax":{"desktop":false,"tablet":false,"mobile":false},"05024c116d81879aa8c98693ca726861":"","hero_height":"250px","pageTitleFont":{"family":"Default","variation":"Default","size":"30px","line-height":"CT_CSS_SKIP_RULE","letter-spacing":"CT_CSS_SKIP_RULE","text-transform":"CT_CSS_SKIP_RULE","text-decoration":"CT_CSS_SKIP_RULE"},"pageTitleFontColor":{"default":{"color":"CT_CSS_SKIP_RULEDEFAULT"}},"pageMetaFont":{"family":"Default","variation":"n6","size":"12px","line-height":"1.3","letter-spacing":"CT_CSS_SKIP_RULE","text-transform":"uppercase","text-decoration":"CT_CSS_SKIP_RULE"},"pageMetaFontColor":{"default":{"color":"CT_CSS_SKIP_RULEDEFAULT"},"hover":{"color":"CT_CSS_SKIP_RULEDEFAULT"}},"page_meta_button_type_font_colors":{"default":{"color":"CT_CSS_SKIP_RULEDEFAULT"},"hover":{"color":"CT_CSS_SKIP_RULEDEFAULT"}},"page_meta_button_type_background_colors":{"default":{"color":"CT_CSS_SKIP_RULEDEFAULT"},"hover":{"color":"CT_CSS_SKIP_RULEDEFAULT"}},"pageExcerptFont":{"family":"Default","variation":"Default","size":"CT_CSS_SKIP_RULE","line-height":"CT_CSS_SKIP_RULE","letter-spacing":"CT_CSS_SKIP_RULE","text-transform":"CT_CSS_SKIP_RULE","text-decoration":"CT_CSS_SKIP_RULE"},"pageExcerptColor":{"default":{"color":"CT_CSS_SKIP_RULEDEFAULT"}},"breadcrumbsFont":{"family":"Default","variation":"Default","size":"CT_CSS_SKIP_RULE","line-height":"CT_CSS_SKIP_RULE","letter-spacing":"CT_CSS_SKIP_RULE","text-transform":"CT_CSS_SKIP_RULE","text-decoration":"CT_CSS_SKIP_RULE"},"breadcrumbsFontColor":{"default":{"color":"CT_CSS_SKIP_RULEDEFAULT"},"initial":{"color":"CT_CSS_SKIP_RULEDEFAULT"},"hover":{"color":"CT_CSS_SKIP_RULEDEFAULT"}},"pageTitleOverlay":{"background_type":"color","background_pattern":"type-1","background_image":{"attachment_id":null,"x":0,"y":0},"gradient":"linear-gradient(135deg,rgba(6,147,227,1) 0%,rgb(155,81,224) 100%)","background_repeat":"repeat","background_size":"auto","background_attachment":"scroll","patternColor":{"default":{"color":"#e5e7ea"}},"overlayColor":{"default":{"color":"CT_CSS_SKIP_RULE"}},"backgroundColor":{"default":{"color":"CT_CSS_SKIP_RULE"}}},"pageTitleBackground":{"background_type":"color","background_pattern":"type-1","background_image":{"attachment_id":null,"x":0,"y":0},"gradient":"linear-gradient(135deg,rgba(6,147,227,1) 0%,rgb(155,81,224) 100%)","background_repeat":"repeat","background_size":"auto","background_attachment":"scroll","patternColor":{"default":{"color":"#e5e7ea"}},"overlayColor":{"default":{"color":"CT_CSS_SKIP_RULE"}},"backgroundColor":{"default":{"color":"var(--theme-palette-color-6)"}}},"pageTitlePadding":{"top":"50px","bottom":"50px","left":"auto","right":"auto","linked":true},"f179df41d36b4783ec7c27518c0404d3":"","page_structure_type":"default","a42e2c363068748cb6acb5eb6d811519":"","content_style_source":"inherit","content_style":"wide","vertical_spacing_source":"custom","content_area_spacing":"none","background":{"background_type":"color","background_pattern":"type-1","background_image":{"attachment_id":null,"x":0,"y":0},"gradient":"linear-gradient(135deg,rgba(6,147,227,1) 0%,rgb(155,81,224) 100%)","background_repeat":"repeat","background_size":"auto","background_attachment":"scroll","patternColor":{"default":{"color":"#e5e7ea"}},"overlayColor":{"default":{"color":"CT_CSS_SKIP_RULE"}},"backgroundColor":{"default":{"color":"CT_CSS_SKIP_RULE"}}},"content_background":{"background_type":"color","background_pattern":"type-1","background_image":{"attachment_id":null,"x":0,"y":0},"gradient":"linear-gradient(135deg,rgba(6,147,227,1) 0%,rgb(155,81,224) 100%)","background_repeat":"repeat","background_size":"auto","background_attachment":"scroll","patternColor":{"default":{"color":"#e5e7ea"}},"overlayColor":{"default":{"color":"CT_CSS_SKIP_RULE"}},"backgroundColor":{"default":{"color":"var(--theme-palette-color-8)"}}},"content_boxed_shadow":{"inherit":false,"blur":18,"spread":-6,"v_offset":12,"h_offset":0,"inset":false,"enable":true,"color":{"color":"rgba(34, 56, 101, 0.04)"}},"content_boxed_border":{"width":1,"style":"none","color":{"color":"rgba(44,62,80,0.2)"}},"content_boxed_radius":{"top":"3px","bottom":"3px","left":"3px","right":"3px","linked":true},"boxed_content_spacing":{"desktop":{"top":"40px","bottom":"40px","left":"40px","right":"40px","linked":true},"tablet":{"top":"35px","bottom":"35px","left":"35px","right":"35px","linked":true},"mobile":{"top":"20px","bottom":"20px","left":"20px","right":"20px","linked":true}},"230d18ae9fa164ec53cdcc8337b3ace7":"","disable_featured_image":"no","disable_share_box":"no","disable_header":"no","disable_footer":"no","styles_descriptor":{"styles":{"desktop":"","tablet":"","mobile":""},"google_fonts":[],"version":6}},"yoast_head":"<!-- This site is optimized with the Yoast SEO plugin v23.0 - https:\/\/yoast.com\/wordpress\/plugins\/seo\/ -->\n<title>Ota yhteytt\u00e4 - Spelhallen<\/title>\n<meta name=\"robots\" content=\"index, follow, max-snippet:-1, max-image-preview:large, max-video-preview:-1\" \/>\n<link rel=\"canonical\" href=\"https:\/\/spelhallen.nu\/kontakt\/\" \/>\n<meta property=\"og:locale\" content=\"fi_FI\" \/>\n<meta property=\"og:type\" content=\"article\" \/>\n<meta property=\"og:title\" content=\"Ota yhteytt\u00e4 - Spelhallen\" \/>\n<meta property=\"og:description\" content=\"Ota yhteytt\u00e4 Onko sinulla kysymyksi\u00e4, kommentteja tai tarvitsetko apua? Me spelhallen.nu:ssa olemme t\u00e4\u00e4ll\u00e4 auttamassa sinua. Mielipiteesi on meille arvokas, ja pyrimme aina parantamaan kokemustasi alustallamme. Ota helposti yhteytt\u00e4 Ota meihin yhteytt\u00e4 nopeasti ja helposti k\u00e4ytt\u00e4j\u00e4yst\u00e4v\u00e4llisen yhteydenottolomakkeemme avulla. Olipa kyse sitten tili\u00e4si koskevista kysymyksist\u00e4, palautteesta palvelustamme tai parannusehdotuksista, varmistamme, ett\u00e4 \u00e4\u00e4nesi tulee kuulluksi. Asiakaspalvelu Pyrimme vastaamaan [&hellip;]\" \/>\n<meta property=\"og:url\" content=\"https:\/\/spelhallen.nu\/kontakt\/\" \/>\n<meta property=\"og:site_name\" content=\"Spelhallen\" \/>\n<meta property=\"article:modified_time\" content=\"2024-02-26T13:43:54+00:00\" \/>\n<meta property=\"og:image\" content=\"https:\/\/spelhallen.nu\/wp-content\/uploads\/2024\/02\/img-BlE6m5ymHzOKgfcMC4yxuQ7t-1024x585.png\" \/>\n\t<meta property=\"og:image:width\" content=\"1024\" \/>\n\t<meta property=\"og:image:height\" content=\"585\" \/>\n\t<meta property=\"og:image:type\" content=\"image\/png\" \/>\n<meta name=\"twitter:card\" content=\"summary_large_image\" \/>\n<meta name=\"twitter:label1\" content=\"Arvioitu lukuaika\" \/>\n\t<meta name=\"twitter:data1\" content=\"1 minuutti\" \/>\n<script type=\"application\/ld+json\" class=\"yoast-schema-graph\">{\"@context\":\"https:\/\/schema.org\",\"@graph\":[{\"@type\":\"WebPage\",\"@id\":\"https:\/\/spelhallen.nu\/kontakt\/\",\"url\":\"https:\/\/spelhallen.nu\/kontakt\/\",\"name\":\"Ota yhteytt\u00e4 - Spelhallen\",\"isPartOf\":{\"@id\":\"https:\/\/spelhallen.nu\/#website\"},\"primaryImageOfPage\":{\"@id\":\"https:\/\/spelhallen.nu\/kontakt\/#primaryimage\"},\"image\":{\"@id\":\"https:\/\/spelhallen.nu\/kontakt\/#primaryimage\"},\"thumbnailUrl\":\"https:\/\/spelhallen.nu\/wp-content\/uploads\/2024\/02\/img-BlE6m5ymHzOKgfcMC4yxuQ7t.png\",\"datePublished\":\"2022-06-30T12:23:08+00:00\",\"dateModified\":\"2024-02-26T13:43:54+00:00\",\"breadcrumb\":{\"@id\":\"https:\/\/spelhallen.nu\/kontakt\/#breadcrumb\"},\"inLanguage\":\"fi\",\"potentialAction\":[{\"@type\":\"ReadAction\",\"target\":[\"https:\/\/spelhallen.nu\/kontakt\/\"]}]},{\"@type\":\"ImageObject\",\"inLanguage\":\"fi\",\"@id\":\"https:\/\/spelhallen.nu\/kontakt\/#primaryimage\",\"url\":\"https:\/\/spelhallen.nu\/wp-content\/uploads\/2024\/02\/img-BlE6m5ymHzOKgfcMC4yxuQ7t.png\",\"contentUrl\":\"https:\/\/spelhallen.nu\/wp-content\/uploads\/2024\/02\/img-BlE6m5ymHzOKgfcMC4yxuQ7t.png\",\"width\":1792,\"height\":1024},{\"@type\":\"BreadcrumbList\",\"@id\":\"https:\/\/spelhallen.nu\/kontakt\/#breadcrumb\",\"itemListElement\":[{\"@type\":\"ListItem\",\"position\":1,\"name\":\"Hem\",\"item\":\"https:\/\/spelhallen.nu\/\"},{\"@type\":\"ListItem\",\"position\":2,\"name\":\"Ota yhteytt\u00e4\"}]},{\"@type\":\"WebSite\",\"@id\":\"https:\/\/spelhallen.nu\/#website\",\"url\":\"https:\/\/spelhallen.nu\/\",\"name\":\"Spelhallen\",\"description\":\"\",\"publisher\":{\"@id\":\"https:\/\/spelhallen.nu\/#organization\"},\"potentialAction\":[{\"@type\":\"SearchAction\",\"target\":{\"@type\":\"EntryPoint\",\"urlTemplate\":\"https:\/\/spelhallen.nu\/?s={search_term_string}\"},\"query-input\":\"required name=search_term_string\"}],\"inLanguage\":\"fi\"},{\"@type\":\"Organization\",\"@id\":\"https:\/\/spelhallen.nu\/#organization\",\"name\":\"Spelhallen\",\"url\":\"https:\/\/spelhallen.nu\/\",\"logo\":{\"@type\":\"ImageObject\",\"inLanguage\":\"fi\",\"@id\":\"https:\/\/spelhallen.nu\/#\/schema\/logo\/image\/\",\"url\":\"https:\/\/spelhallen.nu\/wp-content\/uploads\/2024\/02\/Spel-1.png\",\"contentUrl\":\"https:\/\/spelhallen.nu\/wp-content\/uploads\/2024\/02\/Spel-1.png\",\"width\":600,\"height\":150,\"caption\":\"Spelhallen\"},\"image\":{\"@id\":\"https:\/\/spelhallen.nu\/#\/schema\/logo\/image\/\"}}]}<\/script>\n<!-- \/ Yoast SEO plugin. -->","yoast_head_json":{"title":"Ota yhteytt\u00e4 - Spelhallen","robots":{"index":"index","follow":"follow","max-snippet":"max-snippet:-1","max-image-preview":"max-image-preview:large","max-video-preview":"max-video-preview:-1"},"canonical":"https:\/\/spelhallen.nu\/kontakt\/","og_locale":"fi_FI","og_type":"article","og_title":"Ota yhteytt\u00e4 - Spelhallen","og_description":"Ota yhteytt\u00e4 Onko sinulla kysymyksi\u00e4, kommentteja tai tarvitsetko apua? Me spelhallen.nu:ssa olemme t\u00e4\u00e4ll\u00e4 auttamassa sinua. Mielipiteesi on meille arvokas, ja pyrimme aina parantamaan kokemustasi alustallamme. Ota helposti yhteytt\u00e4 Ota meihin yhteytt\u00e4 nopeasti ja helposti k\u00e4ytt\u00e4j\u00e4yst\u00e4v\u00e4llisen yhteydenottolomakkeemme avulla. Olipa kyse sitten tili\u00e4si koskevista kysymyksist\u00e4, palautteesta palvelustamme tai parannusehdotuksista, varmistamme, ett\u00e4 \u00e4\u00e4nesi tulee kuulluksi. Asiakaspalvelu Pyrimme vastaamaan [&hellip;]","og_url":"https:\/\/spelhallen.nu\/kontakt\/","og_site_name":"Spelhallen","article_modified_time":"2024-02-26T13:43:54+00:00","og_image":[{"width":1024,"height":585,"url":"https:\/\/spelhallen.nu\/wp-content\/uploads\/2024\/02\/img-BlE6m5ymHzOKgfcMC4yxuQ7t-1024x585.png","type":"image\/png"}],"twitter_card":"summary_large_image","twitter_misc":{"Arvioitu lukuaika":"1 minuutti"},"schema":{"@context":"https:\/\/schema.org","@graph":[{"@type":"WebPage","@id":"https:\/\/spelhallen.nu\/kontakt\/","url":"https:\/\/spelhallen.nu\/kontakt\/","name":"Ota yhteytt\u00e4 - Spelhallen","isPartOf":{"@id":"https:\/\/spelhallen.nu\/#website"},"primaryImageOfPage":{"@id":"https:\/\/spelhallen.nu\/kontakt\/#primaryimage"},"image":{"@id":"https:\/\/spelhallen.nu\/kontakt\/#primaryimage"},"thumbnailUrl":"https:\/\/spelhallen.nu\/wp-content\/uploads\/2024\/02\/img-BlE6m5ymHzOKgfcMC4yxuQ7t.png","datePublished":"2022-06-30T12:23:08+00:00","dateModified":"2024-02-26T13:43:54+00:00","breadcrumb":{"@id":"https:\/\/spelhallen.nu\/kontakt\/#breadcrumb"},"inLanguage":"fi","potentialAction":[{"@type":"ReadAction","target":["https:\/\/spelhallen.nu\/kontakt\/"]}]},{"@type":"ImageObject","inLanguage":"fi","@id":"https:\/\/spelhallen.nu\/kontakt\/#primaryimage","url":"https:\/\/spelhallen.nu\/wp-content\/uploads\/2024\/02\/img-BlE6m5ymHzOKgfcMC4yxuQ7t.png","contentUrl":"https:\/\/spelhallen.nu\/wp-content\/uploads\/2024\/02\/img-BlE6m5ymHzOKgfcMC4yxuQ7t.png","width":1792,"height":1024},{"@type":"BreadcrumbList","@id":"https:\/\/spelhallen.nu\/kontakt\/#breadcrumb","itemListElement":[{"@type":"ListItem","position":1,"name":"Hem","item":"https:\/\/spelhallen.nu\/"},{"@type":"ListItem","position":2,"name":"Ota yhteytt\u00e4"}]},{"@type":"WebSite","@id":"https:\/\/spelhallen.nu\/#website","url":"https:\/\/spelhallen.nu\/","name":"Spelhallen","description":"","publisher":{"@id":"https:\/\/spelhallen.nu\/#organization"},"potentialAction":[{"@type":"SearchAction","target":{"@type":"EntryPoint","urlTemplate":"https:\/\/spelhallen.nu\/?s={search_term_string}"},"query-input":"required name=search_term_string"}],"inLanguage":"fi"},{"@type":"Organization","@id":"https:\/\/spelhallen.nu\/#organization","name":"Spelhallen","url":"https:\/\/spelhallen.nu\/","logo":{"@type":"ImageObject","inLanguage":"fi","@id":"https:\/\/spelhallen.nu\/#\/schema\/logo\/image\/","url":"https:\/\/spelhallen.nu\/wp-content\/uploads\/2024\/02\/Spel-1.png","contentUrl":"https:\/\/spelhallen.nu\/wp-content\/uploads\/2024\/02\/Spel-1.png","width":600,"height":150,"caption":"Spelhallen"},"image":{"@id":"https:\/\/spelhallen.nu\/#\/schema\/logo\/image\/"}}]}},"_links":{"self":[{"href":"https:\/\/spelhallen.nu\/fi\/wp-json\/wp\/v2\/pages\/4217","targetHints":{"allow":["GET"]}}],"collection":[{"href":"https:\/\/spelhallen.nu\/fi\/wp-json\/wp\/v2\/pages"}],"about":[{"href":"https:\/\/spelhallen.nu\/fi\/wp-json\/wp\/v2\/types\/page"}],"author":[{"embeddable":true,"href":"https:\/\/spelhallen.nu\/fi\/wp-json\/wp\/v2\/users\/1"}],"replies":[{"embeddable":true,"href":"https:\/\/spelhallen.nu\/fi\/wp-json\/wp\/v2\/comments?post=4217"}],"version-history":[{"count":1,"href":"https:\/\/spelhallen.nu\/fi\/wp-json\/wp\/v2\/pages\/4217\/revisions"}],"predecessor-version":[{"id":4224,"href":"https:\/\/spelhallen.nu\/fi\/wp-json\/wp\/v2\/pages\/4217\/revisions\/4224"}],"wp:featuredmedia":[{"embeddable":true,"href":"https:\/\/spelhallen.nu\/fi\/wp-json\/wp\/v2\/media\/3634"}],"wp:attachment":[{"href":"https:\/\/spelhallen.nu\/fi\/wp-json\/wp\/v2\/media?parent=4217"}],"curies":[{"name":"wp","href":"https:\/\/api.w.org\/{rel}","templated":true}]}}