{"id":4180,"date":"2022-06-23T14:22:33","date_gmt":"2022-06-23T14:22:33","guid":{"rendered":"http:\/\/spelhallen.nu\/tietoa-meista\/"},"modified":"2024-02-26T13:43:50","modified_gmt":"2024-02-26T13:43:50","slug":"tietoa-meista","status":"publish","type":"page","link":"https:\/\/spelhallen.nu\/fi\/tietoa-meista\/","title":{"rendered":"Tietoa meist\u00e4"},"content":{"rendered":"\t\t<div data-elementor-type=\"wp-page\" data-elementor-id=\"4180\" class=\"elementor elementor-4180 elementor-1296\" data-elementor-post-type=\"page\">\n\t\t\t\t<div class=\"elementor-element elementor-element-7a1c244 e-con-full e-flex e-con e-parent\" data-id=\"7a1c244\" data-element_type=\"container\" data-settings=\"{&quot;background_background&quot;:&quot;classic&quot;}\">\n\t\t\t\t<div class=\"elementor-element elementor-element-be3effb elementor-widget__width-initial elementor-widget-mobile__width-inherit elementor-widget elementor-widget-heading\" data-id=\"be3effb\" data-element_type=\"widget\" data-widget_type=\"heading.default\">\n\t\t\t\t<div class=\"elementor-widget-container\">\n\t\t\t<style>\/*! elementor - v3.22.0 - 26-06-2024 *\/\n.elementor-heading-title{padding:0;margin:0;line-height:1}.elementor-widget-heading .elementor-heading-title[class*=elementor-size-]>a{color:inherit;font-size:inherit;line-height:inherit}.elementor-widget-heading .elementor-heading-title.elementor-size-small{font-size:15px}.elementor-widget-heading .elementor-heading-title.elementor-size-medium{font-size:19px}.elementor-widget-heading .elementor-heading-title.elementor-size-large{font-size:29px}.elementor-widget-heading .elementor-heading-title.elementor-size-xl{font-size:39px}.elementor-widget-heading .elementor-heading-title.elementor-size-xxl{font-size:59px}<\/style><h2 class=\"elementor-heading-title elementor-size-default\">Tietoa meist\u00e4<\/h2>\t\t<\/div>\n\t\t\t\t<\/div>\n\t\t\t\t<div class=\"elementor-element elementor-element-8a7517f elementor-widget__width-initial elementor-widget-mobile__width-inherit elementor-widget elementor-widget-text-editor\" data-id=\"8a7517f\" data-element_type=\"widget\" data-widget_type=\"text-editor.default\">\n\t\t\t\t<div class=\"elementor-widget-container\">\n\t\t\t<style>\/*! elementor - v3.22.0 - 26-06-2024 *\/\n.elementor-widget-text-editor.elementor-drop-cap-view-stacked .elementor-drop-cap{background-color:#69727d;color:#fff}.elementor-widget-text-editor.elementor-drop-cap-view-framed .elementor-drop-cap{color:#69727d;border:3px solid;background-color:transparent}.elementor-widget-text-editor:not(.elementor-drop-cap-view-default) .elementor-drop-cap{margin-top:8px}.elementor-widget-text-editor:not(.elementor-drop-cap-view-default) .elementor-drop-cap-letter{width:1em;height:1em}.elementor-widget-text-editor .elementor-drop-cap{float:left;text-align:center;line-height:1;font-size:50px}.elementor-widget-text-editor .elementor-drop-cap-letter{display:inline-block}<\/style>\t\t\t\t<p>Tervetuloa osoitteeseen spelhallen.nu &#8211; portaali urheilun syd\u00e4meen ja j\u00e4nnityksen keskukseen. Matkamme alkoi yksinkertaisesta visiosta: tuoda jalkapallofanit ja peliharrastajat saman katon alle. Olemme urheilun harrastajista ja tekniikan asiantuntijoista koostuva tiimi, jota yhdist\u00e4\u00e4 rakkaus peliin ja halu luoda paras mahdollinen pelikokemus.<\/p>\n\t\t\t\t\t\t<\/div>\n\t\t\t\t<\/div>\n\t\t\t\t<\/div>\n\t\t<div class=\"elementor-element elementor-element-aa3b075 e-flex e-con-boxed e-con e-parent\" data-id=\"aa3b075\" data-element_type=\"container\">\n\t\t\t\t\t<div class=\"e-con-inner\">\n\t\t\t\t<div class=\"elementor-element elementor-element-9d87afc elementor-widget elementor-widget-heading\" data-id=\"9d87afc\" data-element_type=\"widget\" data-widget_type=\"heading.default\">\n\t\t\t\t<div class=\"elementor-widget-container\">\n\t\t\t<h2 class=\"elementor-heading-title elementor-size-default\">Arvostamme lukijoitamme<\/h2>\t\t<\/div>\n\t\t\t\t<\/div>\n\t\t\t\t<div class=\"elementor-element elementor-element-d0bca28 elementor-widget elementor-widget-text-editor\" data-id=\"d0bca28\" data-element_type=\"widget\" data-widget_type=\"text-editor.default\">\n\t\t\t\t<div class=\"elementor-widget-container\">\n\t\t\t\t\t\t\t<p>Vuosien varrella olemme hioneet alustamme huolellisesti tarjotaksemme intuitiivisen ja k\u00e4ytt\u00e4j\u00e4yst\u00e4v\u00e4llisen ymp\u00e4rist\u00f6n, jossa pelaajat voivat sukeltaa urheiluvedonly\u00f6nnin maailmaan. Sitoutumisemme innovointiin ja asiakastyytyv\u00e4isyyteen on kaiken toimintamme keski\u00f6ss\u00e4. Olemme ylpeit\u00e4 voidessamme tarjota turvallisen ja reilun alustan, jossa k\u00e4ytt\u00e4j\u00e4t voivat nauttia uhkapelaamisesta mielenrauhassa.<\/p>\n<p>Me spelhallen.nu:ssa olemme enemm\u00e4n kuin pelkk\u00e4 verkkosivusto; olemme yhteis\u00f6. Uskomme, ett\u00e4 avoimen viestinn\u00e4n ja l\u00e4pin\u00e4kyvien prosessien avulla voimme rakentaa kest\u00e4vi\u00e4 suhteita j\u00e4seniimme. Arvostamme palautetta ja pyrimme jatkuvasti parantamaan ja mukauttamaan palveluitamme vastaamaan k\u00e4ytt\u00e4jien tarpeita ja toiveita.<\/p>\n<p>Olemme my\u00f6s sitoutuneet vastuulliseen pelaamiseen ja kannustamme kaikkia pelaajiamme pit\u00e4m\u00e4\u00e4n pelaamisensa tasapainossa. Pyrimme tarjoamaan asiakkaillemme tietoa ja tukea, joita he tarvitsevat viisaiden p\u00e4\u00e4t\u00f6sten tekemiseen, ja tarjoamme heille erilaisia ty\u00f6kaluja ja resursseja.<\/p>\n<p>Omistuksemme urheilulle ja pelaamiselle on rajaton, ja odotamme innolla p\u00e4\u00e4sev\u00e4mme jakamaan t\u00e4m\u00e4n intohimon kanssasi. Astu sis\u00e4\u00e4n spelhallen.nu-sivustolle ja tehd\u00e4\u00e4n yhdess\u00e4 jokaisesta pelist\u00e4 ikimuistoinen kokemus.<\/p>\n\t\t\t\t\t\t<\/div>\n\t\t\t\t<\/div>\n\t\t\t\t\t<\/div>\n\t\t\t\t<\/div>\n\t\t\t\t<\/div>\n\t\t","protected":false},"excerpt":{"rendered":"<p>Tietoa meist\u00e4 Tervetuloa osoitteeseen spelhallen.nu &#8211; portaali urheilun syd\u00e4meen ja j\u00e4nnityksen keskukseen. Matkamme alkoi yksinkertaisesta visiosta: tuoda jalkapallofanit ja peliharrastajat saman katon alle. Olemme urheilun harrastajista ja tekniikan asiantuntijoista koostuva tiimi, jota yhdist\u00e4\u00e4 rakkaus peliin ja halu luoda paras mahdollinen pelikokemus. Arvostamme lukijoitamme Vuosien varrella olemme hioneet alustamme huolellisesti tarjotaksemme intuitiivisen ja k\u00e4ytt\u00e4j\u00e4yst\u00e4v\u00e4llisen ymp\u00e4rist\u00f6n, jossa [&hellip;]<\/p>\n","protected":false},"author":1,"featured_media":3774,"parent":0,"menu_order":0,"comment_status":"closed","ping_status":"closed","template":"","meta":{"footnotes":""},"class_list":["post-4180","page","type-page","status-publish","has-post-thumbnail","hentry"],"blocksy_meta":{"styles_descriptor":{"styles":{"desktop":"","tablet":"","mobile":""},"google_fonts":[],"version":6},"page_title_panel":"","has_hero_section":"disabled","54e3e782743212c86bd72772a65ad834":"","hero_section":"type-1","hero_elements":[{"id":"custom_title","enabled":false,"heading_tag":"h1","title":"Home","__id":"W29ARGquUmUcufaIOZ-Et"},{"id":"custom_description","enabled":true,"description_visibility":{"desktop":true,"tablet":true,"mobile":false},"__id":"dSGim1zjrHWKarpJVQ4d-"},{"id":"custom_meta","enabled":false,"meta_elements":[{"id":"author","enabled":true,"label":"By","has_author_avatar":"yes","avatar_size":25},{"id":"post_date","enabled":true,"label":"On","date_format_source":"default","date_format":"M j, Y"},{"id":"updated_date","enabled":false,"label":"On","date_format_source":"default","date_format":"M j, Y"},{"id":"categories","enabled":false,"label":"In","style":"simple"},{"id":"comments","enabled":true}],"page_meta_elements":{"joined":true,"articles_count":true,"comments":true},"__id":"kEXtA9QPuFyh14VCS_EkH"},{"id":"breadcrumbs","enabled":false,"__id":"k8b1W5lw56EG_yGPA_xVu"}],"18da79554178a1d4308110d7f3ab9cb6":"","hero_alignment1":"CT_CSS_SKIP_RULE","hero_margin":40,"hero_alignment2":"center","hero_vertical_alignment":"center","dbf5b8e1860399eeba62bc1beb060b3d":"","hero_structure":"narrow","09e58e37f0296477f24277e88a79eff4":"","page_title_bg_type":"featured_image","custom_hero_background":{"attachment_id":null},"page_title_image_size":"full","parallax":{"desktop":false,"tablet":false,"mobile":false},"cb42620d1181dab677965a3678c8446a":"","hero_height":"250px","pageTitleFont":{"family":"Default","variation":"Default","size":"30px","line-height":"CT_CSS_SKIP_RULE","letter-spacing":"CT_CSS_SKIP_RULE","text-transform":"CT_CSS_SKIP_RULE","text-decoration":"CT_CSS_SKIP_RULE"},"pageTitleFontColor":{"default":{"color":"CT_CSS_SKIP_RULEDEFAULT"}},"pageMetaFont":{"family":"Default","variation":"n6","size":"12px","line-height":"1.3","letter-spacing":"CT_CSS_SKIP_RULE","text-transform":"uppercase","text-decoration":"CT_CSS_SKIP_RULE"},"pageMetaFontColor":{"default":{"color":"CT_CSS_SKIP_RULEDEFAULT"},"hover":{"color":"CT_CSS_SKIP_RULEDEFAULT"}},"page_meta_button_type_font_colors":{"default":{"color":"CT_CSS_SKIP_RULEDEFAULT"},"hover":{"color":"CT_CSS_SKIP_RULEDEFAULT"}},"page_meta_button_type_background_colors":{"default":{"color":"CT_CSS_SKIP_RULEDEFAULT"},"hover":{"color":"CT_CSS_SKIP_RULEDEFAULT"}},"pageExcerptFont":{"family":"Default","variation":"Default","size":"CT_CSS_SKIP_RULE","line-height":"CT_CSS_SKIP_RULE","letter-spacing":"CT_CSS_SKIP_RULE","text-transform":"CT_CSS_SKIP_RULE","text-decoration":"CT_CSS_SKIP_RULE"},"pageExcerptColor":{"default":{"color":"CT_CSS_SKIP_RULEDEFAULT"}},"breadcrumbsFont":{"family":"Default","variation":"Default","size":"CT_CSS_SKIP_RULE","line-height":"CT_CSS_SKIP_RULE","letter-spacing":"CT_CSS_SKIP_RULE","text-transform":"CT_CSS_SKIP_RULE","text-decoration":"CT_CSS_SKIP_RULE"},"breadcrumbsFontColor":{"default":{"color":"CT_CSS_SKIP_RULEDEFAULT"},"initial":{"color":"CT_CSS_SKIP_RULEDEFAULT"},"hover":{"color":"CT_CSS_SKIP_RULEDEFAULT"}},"pageTitleOverlay":{"background_type":"color","background_pattern":"type-1","background_image":{"attachment_id":null,"x":0,"y":0},"gradient":"linear-gradient(135deg,rgba(6,147,227,1) 0%,rgb(155,81,224) 100%)","background_repeat":"repeat","background_size":"auto","background_attachment":"scroll","patternColor":{"default":{"color":"#e5e7ea"}},"overlayColor":{"default":{"color":"CT_CSS_SKIP_RULE"}},"backgroundColor":{"default":{"color":"CT_CSS_SKIP_RULE"}}},"pageTitleBackground":{"background_type":"color","background_pattern":"type-1","background_image":{"attachment_id":null,"x":0,"y":0},"gradient":"linear-gradient(135deg,rgba(6,147,227,1) 0%,rgb(155,81,224) 100%)","background_repeat":"repeat","background_size":"auto","background_attachment":"scroll","patternColor":{"default":{"color":"#e5e7ea"}},"overlayColor":{"default":{"color":"CT_CSS_SKIP_RULE"}},"backgroundColor":{"default":{"color":"var(--theme-palette-color-6)"}}},"pageTitlePadding":{"top":"50px","bottom":"50px","left":"auto","right":"auto","linked":true},"a0be8fb8055cfa2445cc2dad1caf71f0":"","page_structure_type":"default","db449d33bf95b7d374912e6fcffea82c":"","content_style_source":"inherit","content_style":"wide","vertical_spacing_source":"custom","content_area_spacing":"none","background":{"background_type":"color","background_pattern":"type-1","background_image":{"attachment_id":null,"x":0,"y":0},"gradient":"linear-gradient(135deg,rgba(6,147,227,1) 0%,rgb(155,81,224) 100%)","background_repeat":"repeat","background_size":"auto","background_attachment":"scroll","patternColor":{"default":{"color":"#e5e7ea"}},"overlayColor":{"default":{"color":"CT_CSS_SKIP_RULE"}},"backgroundColor":{"default":{"color":"CT_CSS_SKIP_RULE"}}},"content_background":{"background_type":"color","background_pattern":"type-1","background_image":{"attachment_id":null,"x":0,"y":0},"gradient":"linear-gradient(135deg,rgba(6,147,227,1) 0%,rgb(155,81,224) 100%)","background_repeat":"repeat","background_size":"auto","background_attachment":"scroll","patternColor":{"default":{"color":"#e5e7ea"}},"overlayColor":{"default":{"color":"CT_CSS_SKIP_RULE"}},"backgroundColor":{"default":{"color":"var(--theme-palette-color-8)"}}},"content_boxed_shadow":{"inherit":false,"blur":18,"spread":-6,"v_offset":12,"h_offset":0,"inset":false,"enable":true,"color":{"color":"rgba(34, 56, 101, 0.04)"}},"content_boxed_border":{"width":1,"style":"none","color":{"color":"rgba(44,62,80,0.2)"}},"content_boxed_radius":{"top":"3px","bottom":"3px","left":"3px","right":"3px","linked":true},"boxed_content_spacing":{"desktop":{"top":"40px","bottom":"40px","left":"40px","right":"40px","linked":true},"tablet":{"top":"35px","bottom":"35px","left":"35px","right":"35px","linked":true},"mobile":{"top":"20px","bottom":"20px","left":"20px","right":"20px","linked":true}},"46dff334b1af8946ca594935cd67b5af":"","disable_featured_image":"no","disable_share_box":"no","disable_header":"no","disable_footer":"no","b0f745439c257854d756699e01436585":"","f5a6b74b2f4caeda61dbda379f367624":"","f20906bd44ec99493ad0a4e298e16034":"","b9dc48eb0bd2ca22595b8cef5b0e513a":"","7023308919ad37cb83b33b2e61d0aaaa":"","61e1b11cca9658b0f00762854131921a":"","c0fddd0f4289ba59e888649169fd969f":"","c5f2b7a1bb018fa6c7bd14fa9d0561f9":""},"yoast_head":"<!-- This site is optimized with the Yoast SEO plugin v23.0 - https:\/\/yoast.com\/wordpress\/plugins\/seo\/ -->\n<title>Tietoa meist\u00e4 - Spelhallen<\/title>\n<meta name=\"robots\" content=\"index, follow, max-snippet:-1, max-image-preview:large, max-video-preview:-1\" \/>\n<link rel=\"canonical\" href=\"https:\/\/spelhallen.nu\/om-oss\/\" \/>\n<meta property=\"og:locale\" content=\"fi_FI\" \/>\n<meta property=\"og:type\" content=\"article\" \/>\n<meta property=\"og:title\" content=\"Tietoa meist\u00e4 - Spelhallen\" \/>\n<meta property=\"og:description\" content=\"Tietoa meist\u00e4 Tervetuloa osoitteeseen spelhallen.nu &#8211; portaali urheilun syd\u00e4meen ja j\u00e4nnityksen keskukseen. Matkamme alkoi yksinkertaisesta visiosta: tuoda jalkapallofanit ja peliharrastajat saman katon alle. Olemme urheilun harrastajista ja tekniikan asiantuntijoista koostuva tiimi, jota yhdist\u00e4\u00e4 rakkaus peliin ja halu luoda paras mahdollinen pelikokemus. Arvostamme lukijoitamme Vuosien varrella olemme hioneet alustamme huolellisesti tarjotaksemme intuitiivisen ja k\u00e4ytt\u00e4j\u00e4yst\u00e4v\u00e4llisen ymp\u00e4rist\u00f6n, jossa [&hellip;]\" \/>\n<meta property=\"og:url\" content=\"https:\/\/spelhallen.nu\/om-oss\/\" \/>\n<meta property=\"og:site_name\" content=\"Spelhallen\" \/>\n<meta property=\"article:modified_time\" content=\"2024-02-26T13:43:50+00:00\" \/>\n<meta property=\"og:image\" content=\"https:\/\/spelhallen.nu\/wp-content\/uploads\/2024\/02\/m4gkgnq_t3k.jpg\" \/>\n\t<meta property=\"og:image:width\" content=\"1600\" \/>\n\t<meta property=\"og:image:height\" content=\"1067\" \/>\n\t<meta property=\"og:image:type\" content=\"image\/jpeg\" \/>\n<meta name=\"twitter:card\" content=\"summary_large_image\" \/>\n<meta name=\"twitter:label1\" content=\"Arvioitu lukuaika\" \/>\n\t<meta name=\"twitter:data1\" content=\"1 minuutti\" \/>\n<script type=\"application\/ld+json\" class=\"yoast-schema-graph\">{\"@context\":\"https:\/\/schema.org\",\"@graph\":[{\"@type\":\"WebPage\",\"@id\":\"https:\/\/spelhallen.nu\/om-oss\/\",\"url\":\"https:\/\/spelhallen.nu\/om-oss\/\",\"name\":\"Tietoa meist\u00e4 - Spelhallen\",\"isPartOf\":{\"@id\":\"https:\/\/spelhallen.nu\/#website\"},\"primaryImageOfPage\":{\"@id\":\"https:\/\/spelhallen.nu\/om-oss\/#primaryimage\"},\"image\":{\"@id\":\"https:\/\/spelhallen.nu\/om-oss\/#primaryimage\"},\"thumbnailUrl\":\"https:\/\/spelhallen.nu\/wp-content\/uploads\/2024\/02\/m4gkgnq_t3k.jpg\",\"datePublished\":\"2022-06-23T14:22:33+00:00\",\"dateModified\":\"2024-02-26T13:43:50+00:00\",\"breadcrumb\":{\"@id\":\"https:\/\/spelhallen.nu\/om-oss\/#breadcrumb\"},\"inLanguage\":\"fi\",\"potentialAction\":[{\"@type\":\"ReadAction\",\"target\":[\"https:\/\/spelhallen.nu\/om-oss\/\"]}]},{\"@type\":\"ImageObject\",\"inLanguage\":\"fi\",\"@id\":\"https:\/\/spelhallen.nu\/om-oss\/#primaryimage\",\"url\":\"https:\/\/spelhallen.nu\/wp-content\/uploads\/2024\/02\/m4gkgnq_t3k.jpg\",\"contentUrl\":\"https:\/\/spelhallen.nu\/wp-content\/uploads\/2024\/02\/m4gkgnq_t3k.jpg\",\"width\":1600,\"height\":1067},{\"@type\":\"BreadcrumbList\",\"@id\":\"https:\/\/spelhallen.nu\/om-oss\/#breadcrumb\",\"itemListElement\":[{\"@type\":\"ListItem\",\"position\":1,\"name\":\"Hem\",\"item\":\"https:\/\/spelhallen.nu\/\"},{\"@type\":\"ListItem\",\"position\":2,\"name\":\"Tietoa meist\u00e4\"}]},{\"@type\":\"WebSite\",\"@id\":\"https:\/\/spelhallen.nu\/#website\",\"url\":\"https:\/\/spelhallen.nu\/\",\"name\":\"Spelhallen\",\"description\":\"\",\"publisher\":{\"@id\":\"https:\/\/spelhallen.nu\/#organization\"},\"potentialAction\":[{\"@type\":\"SearchAction\",\"target\":{\"@type\":\"EntryPoint\",\"urlTemplate\":\"https:\/\/spelhallen.nu\/?s={search_term_string}\"},\"query-input\":\"required name=search_term_string\"}],\"inLanguage\":\"fi\"},{\"@type\":\"Organization\",\"@id\":\"https:\/\/spelhallen.nu\/#organization\",\"name\":\"Spelhallen\",\"url\":\"https:\/\/spelhallen.nu\/\",\"logo\":{\"@type\":\"ImageObject\",\"inLanguage\":\"fi\",\"@id\":\"https:\/\/spelhallen.nu\/#\/schema\/logo\/image\/\",\"url\":\"https:\/\/spelhallen.nu\/wp-content\/uploads\/2024\/02\/Spel-1.png\",\"contentUrl\":\"https:\/\/spelhallen.nu\/wp-content\/uploads\/2024\/02\/Spel-1.png\",\"width\":600,\"height\":150,\"caption\":\"Spelhallen\"},\"image\":{\"@id\":\"https:\/\/spelhallen.nu\/#\/schema\/logo\/image\/\"}}]}<\/script>\n<!-- \/ Yoast SEO plugin. -->","yoast_head_json":{"title":"Tietoa meist\u00e4 - Spelhallen","robots":{"index":"index","follow":"follow","max-snippet":"max-snippet:-1","max-image-preview":"max-image-preview:large","max-video-preview":"max-video-preview:-1"},"canonical":"https:\/\/spelhallen.nu\/om-oss\/","og_locale":"fi_FI","og_type":"article","og_title":"Tietoa meist\u00e4 - Spelhallen","og_description":"Tietoa meist\u00e4 Tervetuloa osoitteeseen spelhallen.nu &#8211; portaali urheilun syd\u00e4meen ja j\u00e4nnityksen keskukseen. Matkamme alkoi yksinkertaisesta visiosta: tuoda jalkapallofanit ja peliharrastajat saman katon alle. Olemme urheilun harrastajista ja tekniikan asiantuntijoista koostuva tiimi, jota yhdist\u00e4\u00e4 rakkaus peliin ja halu luoda paras mahdollinen pelikokemus. Arvostamme lukijoitamme Vuosien varrella olemme hioneet alustamme huolellisesti tarjotaksemme intuitiivisen ja k\u00e4ytt\u00e4j\u00e4yst\u00e4v\u00e4llisen ymp\u00e4rist\u00f6n, jossa [&hellip;]","og_url":"https:\/\/spelhallen.nu\/om-oss\/","og_site_name":"Spelhallen","article_modified_time":"2024-02-26T13:43:50+00:00","og_image":[{"width":1600,"height":1067,"url":"https:\/\/spelhallen.nu\/wp-content\/uploads\/2024\/02\/m4gkgnq_t3k.jpg","type":"image\/jpeg"}],"twitter_card":"summary_large_image","twitter_misc":{"Arvioitu lukuaika":"1 minuutti"},"schema":{"@context":"https:\/\/schema.org","@graph":[{"@type":"WebPage","@id":"https:\/\/spelhallen.nu\/om-oss\/","url":"https:\/\/spelhallen.nu\/om-oss\/","name":"Tietoa meist\u00e4 - Spelhallen","isPartOf":{"@id":"https:\/\/spelhallen.nu\/#website"},"primaryImageOfPage":{"@id":"https:\/\/spelhallen.nu\/om-oss\/#primaryimage"},"image":{"@id":"https:\/\/spelhallen.nu\/om-oss\/#primaryimage"},"thumbnailUrl":"https:\/\/spelhallen.nu\/wp-content\/uploads\/2024\/02\/m4gkgnq_t3k.jpg","datePublished":"2022-06-23T14:22:33+00:00","dateModified":"2024-02-26T13:43:50+00:00","breadcrumb":{"@id":"https:\/\/spelhallen.nu\/om-oss\/#breadcrumb"},"inLanguage":"fi","potentialAction":[{"@type":"ReadAction","target":["https:\/\/spelhallen.nu\/om-oss\/"]}]},{"@type":"ImageObject","inLanguage":"fi","@id":"https:\/\/spelhallen.nu\/om-oss\/#primaryimage","url":"https:\/\/spelhallen.nu\/wp-content\/uploads\/2024\/02\/m4gkgnq_t3k.jpg","contentUrl":"https:\/\/spelhallen.nu\/wp-content\/uploads\/2024\/02\/m4gkgnq_t3k.jpg","width":1600,"height":1067},{"@type":"BreadcrumbList","@id":"https:\/\/spelhallen.nu\/om-oss\/#breadcrumb","itemListElement":[{"@type":"ListItem","position":1,"name":"Hem","item":"https:\/\/spelhallen.nu\/"},{"@type":"ListItem","position":2,"name":"Tietoa meist\u00e4"}]},{"@type":"WebSite","@id":"https:\/\/spelhallen.nu\/#website","url":"https:\/\/spelhallen.nu\/","name":"Spelhallen","description":"","publisher":{"@id":"https:\/\/spelhallen.nu\/#organization"},"potentialAction":[{"@type":"SearchAction","target":{"@type":"EntryPoint","urlTemplate":"https:\/\/spelhallen.nu\/?s={search_term_string}"},"query-input":"required name=search_term_string"}],"inLanguage":"fi"},{"@type":"Organization","@id":"https:\/\/spelhallen.nu\/#organization","name":"Spelhallen","url":"https:\/\/spelhallen.nu\/","logo":{"@type":"ImageObject","inLanguage":"fi","@id":"https:\/\/spelhallen.nu\/#\/schema\/logo\/image\/","url":"https:\/\/spelhallen.nu\/wp-content\/uploads\/2024\/02\/Spel-1.png","contentUrl":"https:\/\/spelhallen.nu\/wp-content\/uploads\/2024\/02\/Spel-1.png","width":600,"height":150,"caption":"Spelhallen"},"image":{"@id":"https:\/\/spelhallen.nu\/#\/schema\/logo\/image\/"}}]}},"_links":{"self":[{"href":"https:\/\/spelhallen.nu\/fi\/wp-json\/wp\/v2\/pages\/4180","targetHints":{"allow":["GET"]}}],"collection":[{"href":"https:\/\/spelhallen.nu\/fi\/wp-json\/wp\/v2\/pages"}],"about":[{"href":"https:\/\/spelhallen.nu\/fi\/wp-json\/wp\/v2\/types\/page"}],"author":[{"embeddable":true,"href":"https:\/\/spelhallen.nu\/fi\/wp-json\/wp\/v2\/users\/1"}],"replies":[{"embeddable":true,"href":"https:\/\/spelhallen.nu\/fi\/wp-json\/wp\/v2\/comments?post=4180"}],"version-history":[{"count":1,"href":"https:\/\/spelhallen.nu\/fi\/wp-json\/wp\/v2\/pages\/4180\/revisions"}],"predecessor-version":[{"id":4182,"href":"https:\/\/spelhallen.nu\/fi\/wp-json\/wp\/v2\/pages\/4180\/revisions\/4182"}],"wp:featuredmedia":[{"embeddable":true,"href":"https:\/\/spelhallen.nu\/fi\/wp-json\/wp\/v2\/media\/3774"}],"wp:attachment":[{"href":"https:\/\/spelhallen.nu\/fi\/wp-json\/wp\/v2\/media?parent=4180"}],"curies":[{"name":"wp","href":"https:\/\/api.w.org\/{rel}","templated":true}]}}